{"id":1246,"date":"2021-03-09T09:09:14","date_gmt":"2021-03-09T08:09:14","guid":{"rendered":"http:\/\/schumann-ak.de\/impressum-copy\/"},"modified":"2021-03-09T09:15:04","modified_gmt":"2021-03-09T08:15:04","slug":"datenschutzhinweise","status":"publish","type":"page","link":"https:\/\/www.schumann-ak.de\/en\/datenschutzhinweise\/","title":{"rendered":"Datenschutzhinweise"},"content":{"rendered":"<div data-elementor-type=\"wp-page\" data-elementor-id=\"1246\" class=\"elementor elementor-1246\">\n\t\t\t\t\t\t<section class=\"elementor-section elementor-top-section elementor-element elementor-element-3811ba4 elementor-section-stretched elementor-reverse-mobile elementor-section-boxed elementor-section-height-default elementor-section-height-default qodef-elementor-content-no\" data-id=\"3811ba4\" data-element_type=\"section\" data-settings=\"{&quot;stretch_section&quot;:&quot;section-stretched&quot;,&quot;background_background&quot;:&quot;classic&quot;}\">\n\t\t\t\t\t\t<div class=\"elementor-container elementor-column-gap-default\">\n\t\t\t\t\t<div class=\"elementor-column elementor-col-50 elementor-top-column elementor-element elementor-element-6649f35\" data-id=\"6649f35\" data-element_type=\"column\">\n\t\t\t<div class=\"elementor-widget-wrap elementor-element-populated\">\n\t\t\t\t\t\t<div class=\"elementor-element elementor-element-9e89d30 elementor-widget elementor-widget-text-editor\" data-id=\"9e89d30\" data-element_type=\"widget\" data-widget_type=\"text-editor.default\">\n\t\t\t\t<div class=\"elementor-widget-container\">\n\t\t\t\t\t\t\t\t\t<h1><span style=\"color: #000000;\">Datenschutz-hinweise<\/span><\/h1>\t\t\t\t\t\t\t\t<\/div>\n\t\t\t\t<\/div>\n\t\t\t\t\t<\/div>\n\t\t<\/div>\n\t\t\t\t<div class=\"elementor-column elementor-col-50 elementor-top-column elementor-element elementor-element-4b4d419\" data-id=\"4b4d419\" data-element_type=\"column\">\n\t\t\t<div class=\"elementor-widget-wrap elementor-element-populated\">\n\t\t\t\t\t\t<div class=\"elementor-element elementor-element-e134754 elementor-widget elementor-widget-spacer\" data-id=\"e134754\" data-element_type=\"widget\" data-widget_type=\"spacer.default\">\n\t\t\t\t<div class=\"elementor-widget-container\">\n\t\t\t\t\t\t\t<div class=\"elementor-spacer\">\n\t\t\t<div class=\"elementor-spacer-inner\"><\/div>\n\t\t<\/div>\n\t\t\t\t\t\t<\/div>\n\t\t\t\t<\/div>\n\t\t\t\t\t<\/div>\n\t\t<\/div>\n\t\t\t\t\t<\/div>\n\t\t<\/section>\n\t\t\t\t<section class=\"elementor-section elementor-top-section elementor-element elementor-element-09b5360 elementor-section-stretched elementor-section-boxed elementor-section-height-default elementor-section-height-default qodef-elementor-content-no\" data-id=\"09b5360\" data-element_type=\"section\" data-settings=\"{&quot;stretch_section&quot;:&quot;section-stretched&quot;,&quot;background_background&quot;:&quot;classic&quot;}\">\n\t\t\t\t\t\t<div class=\"elementor-container elementor-column-gap-default\">\n\t\t\t\t\t<div class=\"elementor-column elementor-col-100 elementor-top-column elementor-element elementor-element-ea06fe5\" data-id=\"ea06fe5\" data-element_type=\"column\">\n\t\t\t<div class=\"elementor-widget-wrap elementor-element-populated\">\n\t\t\t\t\t\t<div class=\"elementor-element elementor-element-5791734 elementor-widget elementor-widget-text-editor\" data-id=\"5791734\" data-element_type=\"widget\" data-widget_type=\"text-editor.default\">\n\t\t\t\t<div class=\"elementor-widget-container\">\n\t\t\t\t\t\t\t\t\t<p><strong><span style=\"color: #000000;\">Seitenbetreiber:\u00a0<\/span><\/strong><\/p><p>M\u00f6bel-Werkst\u00e4tte Gert Schumann GmbH<br \/>Graf-Zeppelin-Str. 17<br \/>57610 Altenkirchen<\/p><p>\u00a0<\/p><p><strong><span style=\"color: #000000;\">Datenschutzbeauftragter gem. Art 37 DSGVO<br \/><\/span><\/strong>Dieter Meyer<br \/>c.\/o. H.W.G. Medienhaus<br \/>Wiedbachstr. 50<br \/>56567 Neuwied<br \/>Tel. 02631 964628<br \/>Fax 02631 964614<br \/>E-Mail\u00a0<a href=\"http:\/\/dieter.meyerhwg-media.de\/\">dieter.meyer@hwg-media.de<\/a><\/p><p>\u00a0<\/p><p>Mit der Nutzung unseres Seitenangebots nehmen Sie die nachstehende Datenschutzerkl\u00e4rung mit den dargestellten Vorgehen der hier benannten Dienste und Funktionen sowie unsere weiteren Hinweise zur Eingrenzung einer ungewollten \u00dcbermittlung von Informationen, als gelesen, verstanden und gegeben an.\u00a0<\/p><p>\u00a0<\/p><p>Mit der weiteren Nutzung unseres Webseitenangebots erteilen Sie Ihre Erlaubnis und Zustimmung zur Datenerhebung gem\u00e4\u00df der nachstehenden Beschreibungen und Hinweise, soweit Ihre Browsereinstellungen dies zulassen oder verhindern. Auf m\u00f6gliche Datenerhebungen von Drittanbietern, deren Dienste wir \u00fcber sog. Plug-Ins nutzen, weisen wir nachstehend hin und verlinken auch auf deren Datenschutzhinweise. Wir haben allerdings auf m\u00f6gliche Datenerhebungen durch deren Dienste keinen weiteren Einfluss.<\/p><p>\u00a0<\/p><ol><li>Generelle Datenschutz &#8211; und Sicherheitshinweise<\/li><\/ol><p>Wir nehmen das Thema Datenschutz ernst und versichern hiermit, dass wir uns zug\u00e4ngliche Daten der Website nur anonym erhalten, ohne den Benutzer der Seite pers\u00f6nlich zu identifizieren. Anhand der \u00fcbertragenen IP-Adresse ist uns eine personalisierte Identifizierung nicht m\u00f6glich, dies liegt auch NIEMALS in unserer Absicht.\u00a0<\/p><p>\u00a0<\/p><p>Es ist nicht Sinn und Zweck dieser Website Daten zu sammeln und auszuwerten.\u00a0Es werden KEINE personalisierten Nutzerprofile durch uns erstellt. Eine gezielte Datenspeicherung und -auswertung findet auf unseren Servern nicht statt.<\/p><p>Die f\u00fcr uns einsehbaren Daten haben rein informativen Charakter. Der Datenschutz zu dieser Seite basiert auf und unterliegt deutschem und europ\u00e4ischem Recht (BDSG\/TMG\/EU-DSGVO)<\/p><p>Wir gehen verantwortungsvoll mit Ihren pers\u00f6nlichen Daten um und informieren deshalb an dieser Stelle, dass Ihre personenbezogenen Daten unter Beachtung der geltenden nationalen und europ\u00e4ischen Datenschutzvorschriften erhoben, verarbeitet, genutzt und weitergeleitet werden. Wir und die ggf. mit der Durchf\u00fchrung von Bestellungen\/Auftragsdurchf\u00fchrung beauftragten Vertragspartner wahren die Vertraulichkeit der Daten und werden diese nicht verkaufen, vermieten oder auf andere Weise Dritten verf\u00fcgbar machen.<br \/>Personenbezogene Daten werden von uns &#8211; soweit dies nicht zur Erf\u00fcllung von mit dem Nutzer geschlossenen Vertr\u00e4gen oder Mitgliedschaften oder zur Erledigung einer Anfrage durch den Nutzer erforderlich ist &#8211; und vorbehaltlich der nachstehenden Abs\u00e4tze, nur erhoben, in Kundendatenbanken gespeichert bzw. an Dritte \u00fcbermittelt, wenn Sie Ihre ausdr\u00fcckliche Einwilligung dazu erteilen. Hierf\u00fcr haben Sie dort wo personenbezogene Daten abgerufen werden, die M\u00f6glichkeit, Ihre ausdr\u00fcckliche Einverst\u00e4ndniserkl\u00e4rung abzugeben.<\/p><p>\u00a0<\/p><p>F\u00fcr die Bearbeitung und Verwaltung sowie der Nutzung unseres ist es notwendig, dass einige Ihrer (Nutzer)Daten, wie Name, E-Mail-Adresse, Adresse usw. von der Internetseite \u00fcber entsprechende Formulare erhoben und gespeichert werden. Diese Daten werden von uns streng vertraulich behandelt, k\u00f6nnen von Dritten nicht eingesehen werden und werden nur intern genutzt.\u00a0<\/p><p>\u00a0<\/p><p><strong><span style=\"color: #000000;\">1.1 Datenweitergabe an Dritte<\/span><\/strong><\/p><p>\u00a0<\/p><p>Personenbezogene Daten werden von uns vertraulich behandelt und ohne Ihre Zustimmung nicht an Dritte weitergegeben, es sei denn, dies ist<\/p><p>\u00a0<\/p><ul><li>\u00a0 \u00a0 \u00a0 \u00a0 &#8211; zur Durchf\u00fchrung der angebotenen Dienstleistung erforderlich,<\/li><li>\u00a0 \u00a0 \u00a0 \u00a0 &#8211; auch ohne Ihre Zustimmung gesetzlich ausdr\u00fccklich erlaubt oder\u00a0<\/li><li>\u00a0 \u00a0 \u00a0 \u00a0 &#8211; aufgrund einer gerichtlichen oder beh\u00f6rdlichen Aufforderung erforderlich.<\/li><\/ul><p>Im Rahmen der Auftragsdurchf\u00fchrung geben wir ggfs. zur Auftragserf\u00fcllung notwendige Daten innerhalb der Firmenstruktur an Subunternehmen weiter. Die Daten werden jedoch unmittelbar nach erfolgreicher Auftragsdurchf\u00fchrung gel\u00f6scht, gem. dem mit den Unternehmen abgeschlossenen Vertrag zur Auftragsdatenverarbeitung.<\/p><p>Kontakt<\/p><p>Unter der Rubrik &#8222;Kontakt&#8220; k\u00f6nnen Sie Informationen zu unseren Produkten und Dienstleistungen auf elektronischem, telefonischem Weg oder dem Postweg anfordern. Senden Sie ggfs. einfach eine E-Mail an die dort angegebene Mailadresse. Die f\u00fcr die Zusendung der von Ihnen angeforderten Materialien anzugebenden personenbezogenen Daten (Ihr Vor- und Nachname und Ihre E-Mail) werden lediglich zur Erledigung der Anfrage erhoben, verarbeitet und genutzt. Weitere Angaben wie Stra\u00dfe, Land, Ort, Postleitzahl oder Telefon sind freiwillig. Sie werden jedoch f\u00fcr die zielgerichtete Versendung des angeforderten Materials bzw. der besseren Kontaktaufnahme ben\u00f6tigt. Eine weitere Speicherung und Verarbeitung Ihrer personenbezogenen Daten erfolgt nur, wenn Sie hierin ausdr\u00fccklich eingewilligt haben. Haben Sie keine Einwilligung erteilt und kommt es zu keiner weiteren Zusammenarbeit, die den weiteren Kontakt notwendig macht, werden diese Daten &#8211; nach Ma\u00dfgabe gesetzlicher Pflichten und Regelungen &#8211; r\u00fcckstandslos gel\u00f6scht.<\/p><p>\u00a0<\/p><p>1.2 Recht aus Auskunft\/Sperrung\/L\u00f6schung<\/p><p>\u00a0<\/p><p>Sie k\u00f6nnen als Nutzer die Nutzung der Internetseite jederzeit beenden.<\/p><p>Sie k\u00f6nnen jederzeit verlangen, dass ihre personenbezogenen Daten gel\u00f6scht oder gesperrt bzw. ein evtl. bestehender Account bei und gel\u00f6scht oder deaktiviert wird.<\/p><p>\u00a0<\/p><p>Sie haben au\u00dferdem jederzeit das Recht auf unentgeltliche Auskunft \u00fcber Ihre gespeicherten personenbezogenen Daten, deren Herkunft und Empf\u00e4nger und den Zweck der Datenverarbeitung\u00a0<\/p><p>\u00a0<\/p><p>Wir sind gerne bereit diesem Recht nachzukommen, soweit dies f\u00fcr uns ohne gro\u00dfen Aufwand nachvollziehbar und rekonstruierbar ist.<br \/>Fragen zum Thema personenbezogene Daten beantwortet Ihnen jederzeit der oben benannte Datenschutzbeauftragte. Dieser steht Ihnen\u00a0auch\u00a0f\u00fcr Ihre weitergehenden Datenschutzfragen unter dieter.meyer@hwg-media.de zur Verf\u00fcgung<\/p><p>\u00a0<\/p><p>1.3 Hinweise zu nutzerseitigen Datenschutzma\u00dfnahmen<\/p><p>\u00a0<\/p><p>Das k\u00f6nnen Sie im Vorfeld unternehmen:\u00a0Wenn Sie ein generelles Datentracking verhindern m\u00f6chten, stehen Ihnen Browsertools\/-plugins wie z.B. AnonymoX oder aber das Tor-Netzwerk zur Verf\u00fcgung, deren Nutzung wir dann ausdr\u00fccklich empfehlen. Im Weiteren empfehlen wir die Sicherheitseinstellungen Ihres Browsers anzupassen, in dem Sie z.B. das Setzen von Cookies generell ausschlie\u00dfen, zus\u00e4tzlich das L\u00f6schen von Cookies in den Browsereinstellungen beim jeweiligen Beenden des Browserprogramms veranlassen oder, sofern Ihr Browser dies zul\u00e4sst, f\u00fcr den Aufruf unserer Seite das Surfen im &#8222;privaten bzw. Inkognito- oder VPN-Modus &#8220; (Browserabh\u00e4ngig) aktivieren. Weitere Informationen hierzu entnehmen Sie bitte der Online-Hilfe im Browser oder den Seiten des Browserherstellers.<\/p><p>\u00a0<\/p><p>2.Server-Log-Files<\/p><p>\u00a0<\/p><p>Aus vor allem sicherheitstechnischen Gr\u00fcnden speichert der Serverdienstleister Informationen in so genannten Server-Log Files, die Ihr Browser automatisch \u00fcbermittelt. Eine nutzerseitige Unterdr\u00fcckung der \u00dcbermittlung dieser Referrer-informationen ist in den g\u00e4ngigen Browsern nicht m\u00f6glich. Ermittelt werden:<\/p><p>\u00a0<\/p><ul><li>\u00a0 \u00a0 \u00a0 \u00a0 &#8211; Browsertyp und Browserversion<\/li><li>\u00a0 \u00a0 \u00a0 \u00a0 &#8211; verwendetes Betriebssystem<\/li><li>\u00a0 \u00a0 \u00a0 \u00a0 &#8211; Referrer-URL (URL, die zum Server gef\u00fchrt hat)<\/li><li>\u00a0 \u00a0 \u00a0 \u00a0 &#8211; Hostname des zugreifenden Rechners (soweit \u00fcbermittelt)<\/li><li>\u00a0 \u00a0 \u00a0 \u00a0 &#8211; Uhrzeit der Serveranfrage<\/li><\/ul><p>Dies sind keine personenbezogenen Daten. Es ist uns also nicht m\u00f6glich, die erfassten Daten einer bestimmten nat\u00fcrlichen Person zuzuordnen.<\/p><p>\u00a0<\/p><p><strong>3.Cookies<\/strong><\/p><p>\u00a0<\/p><p>Diese Seite verwendet keine Cookies.<\/p><p>\u00a0<\/p><ol start=\"4\"><li>Google Dienste und Programme<\/li><\/ol><p>4.1 Webseitenanalyse<\/p><p>\u00a0<\/p><p>Diese Seite verwendet keine Google Analytics Tools.<\/p><p>\u00a0<\/p><p>4.2 Google Maps<\/p><p>\u00a0<\/p><p>Diese Seite benutzt Google Maps zur Darstellung eines Lageplanes (Linkverweis). Google Maps wird von Google Inc., 1600 Amphitheatre Parkway, Mountain View, CA 94043, USA betrieben. Durch die Nutzung dieser Website erkl\u00e4ren Sie sich mit der Erfassung, Bearbeitung sowie der Nutzung der automatisch erhobenen sowie der von Ihnen eingegeben Daten durch Google, einer seiner Vertreter, oder Drittanbieter einverstanden. Die Nutzungsbedingungen f\u00fcr Google Maps finden Sie unter Nutzungsbedingungen f\u00fcr Google Maps. Ausf\u00fchrliche Details finden Sie im Datenschutz-Center von google.de:\u00a0<a href=\"https:\/\/policies.google.com\/privacy?hl=de#information\">https:\/\/policies.google.com\/privacy?hl=de<\/a>#information<\/p><p>\u00a0<\/p><ol start=\"5\"><li>Generelle Datenschutzerkl\u00e4rung zu Social-Media Plugins wie z.B. Facebook, LinkedIn, Twitter, Instagram, Picasa, Youtube, Google+<\/li><\/ol><p>Wir nutzen keine Social-Media-Portale, so auch nicht deren Plug-Ins oder andere Einbettungen.<\/p><p>Genereller Hinweis:\u00a0Wenn Sie nicht w\u00fcnschen, dass Facebook oder eine andere Social Media Plattform den Besuch unserer Seiten Ihrem Nutzerkonto zuordnen kann, loggen Sie sich bitte vor dem Besuch unserer Seiten aus Ihrem Social-Media-Benutzerkonto aus.<br \/>Wir weisen darauf hin, dass wir als Anbieter der Seiten keine Kenntnis vom Inhalt der \u00fcbermittelten Daten sowie deren Nutzung durch Facebook erhalten. Weitere Informationen hierzu finden Sie in der\u00a0<a href=\"http:\/\/de-de.facebook.com\/policy.php\">Datenschutzerkl\u00e4rung von Facebook<\/a>.<\/p>\t\t\t\t\t\t\t\t<\/div>\n\t\t\t\t<\/div>\n\t\t\t\t\t<\/div>\n\t\t<\/div>\n\t\t\t\t\t<\/div>\n\t\t<\/section>\n\t\t\t\t<section class=\"elementor-section elementor-top-section elementor-element elementor-element-9e24be6 elementor-section-stretched elementor-section-boxed elementor-section-height-default elementor-section-height-default qodef-elementor-content-no\" data-id=\"9e24be6\" data-element_type=\"section\" data-settings=\"{&quot;stretch_section&quot;:&quot;section-stretched&quot;}\">\n\t\t\t\t\t\t<div class=\"elementor-container elementor-column-gap-default\">\n\t\t\t\t\t<div class=\"elementor-column elementor-col-100 elementor-top-column elementor-element elementor-element-d439b6f\" data-id=\"d439b6f\" data-element_type=\"column\">\n\t\t\t<div class=\"elementor-widget-wrap elementor-element-populated\">\n\t\t\t\t\t\t<div class=\"elementor-element elementor-element-45cd95f elementor-widget-divider--view-line elementor-widget elementor-widget-divider\" data-id=\"45cd95f\" data-element_type=\"widget\" data-widget_type=\"divider.default\">\n\t\t\t\t<div class=\"elementor-widget-container\">\n\t\t\t\t\t\t\t<div class=\"elementor-divider\">\n\t\t\t<span class=\"elementor-divider-separator\">\n\t\t\t\t\t\t<\/span>\n\t\t<\/div>\n\t\t\t\t\t\t<\/div>\n\t\t\t\t<\/div>\n\t\t\t\t\t<\/div>\n\t\t<\/div>\n\t\t\t\t\t<\/div>\n\t\t<\/section>\n\t\t\t\t<section class=\"elementor-section elementor-top-section elementor-element elementor-element-62caa980 elementor-section-stretched elementor-section-boxed elementor-section-height-default elementor-section-height-default qodef-elementor-content-no\" data-id=\"62caa980\" data-element_type=\"section\" data-settings=\"{&quot;stretch_section&quot;:&quot;section-stretched&quot;}\">\n\t\t\t\t\t\t<div class=\"elementor-container elementor-column-gap-default\">\n\t\t\t\t\t<div class=\"elementor-column elementor-col-100 elementor-top-column elementor-element elementor-element-41c920b4\" data-id=\"41c920b4\" data-element_type=\"column\">\n\t\t\t<div class=\"elementor-widget-wrap elementor-element-populated\">\n\t\t\t\t\t\t<div class=\"elementor-element elementor-element-b632f77 elementor-widget elementor-widget-text-editor\" data-id=\"b632f77\" data-element_type=\"widget\" data-widget_type=\"text-editor.default\">\n\t\t\t\t<div class=\"elementor-widget-container\">\n\t\t\t\t\t\t\t\t\t<h4>Projekteauswahl<\/h4>\t\t\t\t\t\t\t\t<\/div>\n\t\t\t\t<\/div>\n\t\t\t\t<div class=\"elementor-element elementor-element-40fc209d elementor-widget elementor-widget-stal_core_portfolio_list\" data-id=\"40fc209d\" data-element_type=\"widget\" data-widget_type=\"stal_core_portfolio_list.default\">\n\t\t\t\t<div class=\"elementor-widget-container\">\n\t\t\t\t\t<div class=\"qodef-shortcode qodef-m  qodef-portfolio-list qodef-item-layout--info-on-hover qodef-grid qodef-layout--columns  qodef-gutter--normal qodef-col-num--3 qodef-item-layout--info-on-hover qodef--no-bottom-space qodef-pagination--off qodef-responsive--predefined qodef-hover-animation--fade-in\" data-options=\"{&quot;plugin&quot;:&quot;stal_core&quot;,&quot;module&quot;:&quot;post-types\\\/portfolio\\\/shortcodes&quot;,&quot;shortcode&quot;:&quot;portfolio-list&quot;,&quot;post_type&quot;:&quot;portfolio-item&quot;,&quot;next_page&quot;:&quot;2&quot;,&quot;max_pages_num&quot;:29,&quot;behavior&quot;:&quot;columns&quot;,&quot;images_proportion&quot;:&quot;full&quot;,&quot;columns&quot;:&quot;3&quot;,&quot;columns_responsive&quot;:&quot;predefined&quot;,&quot;columns_1440&quot;:&quot;3&quot;,&quot;columns_1366&quot;:&quot;3&quot;,&quot;columns_1024&quot;:&quot;3&quot;,&quot;columns_768&quot;:&quot;3&quot;,&quot;columns_680&quot;:&quot;3&quot;,&quot;columns_480&quot;:&quot;3&quot;,&quot;space&quot;:&quot;normal&quot;,&quot;posts_per_page&quot;:&quot;3&quot;,&quot;orderby&quot;:&quot;date&quot;,&quot;order&quot;:&quot;DESC&quot;,&quot;layout&quot;:&quot;info-on-hover&quot;,&quot;hover_animation_info-below&quot;:&quot;tilt&quot;,&quot;hover_animation_info-on-hover&quot;:&quot;fade-in&quot;,&quot;title_tag&quot;:&quot;h4&quot;,&quot;custom_padding&quot;:&quot;no&quot;,&quot;pagination_type&quot;:&quot;no-pagination&quot;,&quot;object_class_name&quot;:&quot;StalCorePortfolioListShortcode&quot;,&quot;taxonomy_filter&quot;:&quot;portfolio-category&quot;,&quot;additional_query_args&quot;:[],&quot;space_value&quot;:15}\">\n\t\t<div class=\"qodef-grid-inner clear\">\n\t\t<article class=\"qodef-e qodef-grid-item qodef-item--full post-6292 portfolio-item type-portfolio-item status-publish has-post-thumbnail hentry portfolio-category-moebelwerkstaette portfolio-category-project portfolio-tag-buero\">\n\t<div class=\"qodef-e-inner\" >\n\t\t<div class=\"qodef-e-image\">\n\t\t\t\t<div class=\"qodef-e-media-image\">\n\t\t<a itemprop=\"url\" href=\"https:\/\/www.schumann-ak.de\/en\/portfolio-item\/luther-lawfirm-rwe-tower-essen\/\">\n\t\t\t<img fetchpriority=\"high\" decoding=\"async\" width=\"2000\" height=\"1500\" src=\"https:\/\/www.schumann-ak.de\/wp-content\/uploads\/2026\/03\/DJI_20251209114220_0067_D.jpg\" class=\"attachment-full size-full wp-post-image\" alt=\"\" srcset=\"https:\/\/www.schumann-ak.de\/wp-content\/uploads\/2026\/03\/DJI_20251209114220_0067_D.jpg 2000w, https:\/\/www.schumann-ak.de\/wp-content\/uploads\/2026\/03\/DJI_20251209114220_0067_D-300x225.jpg 300w, https:\/\/www.schumann-ak.de\/wp-content\/uploads\/2026\/03\/DJI_20251209114220_0067_D-1024x768.jpg 1024w, https:\/\/www.schumann-ak.de\/wp-content\/uploads\/2026\/03\/DJI_20251209114220_0067_D-768x576.jpg 768w, https:\/\/www.schumann-ak.de\/wp-content\/uploads\/2026\/03\/DJI_20251209114220_0067_D-1536x1152.jpg 1536w, https:\/\/www.schumann-ak.de\/wp-content\/uploads\/2026\/03\/DJI_20251209114220_0067_D-16x12.jpg 16w\" sizes=\"(max-width: 2000px) 100vw, 2000px\" \/>\t\t<\/a>\n\t<\/div>\n\t\t<\/div>\n\t\t<div class=\"qodef-e-content\">\n\t\t\t<div class=\"qodef-e-content-inner\">\n\t\t\t\t<a itemprop=\"url\" href=\"https:\/\/www.schumann-ak.de\/en\/portfolio-item\/luther-lawfirm-rwe-tower-essen\/\"><\/a>\n\t\t\t\t<div class=\"qodef-e-info-category\">\n\t\t\t<a itemprop=\"url\" class=\"qodef-e-category\" href=\"https:\/\/www.schumann-ak.de\/en\/portfolio-category\/moebelwerkstaette\/\">\n\t\t\tM\u00f6belwerkst\u00e4tte\t\t<\/a>\n\t\t\t<a itemprop=\"url\" class=\"qodef-e-category\" href=\"https:\/\/www.schumann-ak.de\/en\/portfolio-category\/project\/\">\n\t\t\tProject\t\t<\/a>\n\t<\/div>\n\t\t\t\t<h4 itemprop=\"name\" class=\"qodef-e-title entry-title\" >\n\t<a itemprop=\"url\" class=\"qodef-e-title-link\" href=\"https:\/\/www.schumann-ak.de\/en\/portfolio-item\/luther-lawfirm-rwe-tower-essen\/\">\n\t\tLuther Lawfirm RWE Tower Essen\t<\/a>\n<\/h4>\t\t\t<\/div>\n\t\t<\/div>\n\t<\/div>\n<\/article><article class=\"qodef-e qodef-grid-item qodef-item--full post-6222 portfolio-item type-portfolio-item status-publish has-post-thumbnail hentry portfolio-category-project portfolio-tag-hotel\">\n\t<div class=\"qodef-e-inner\" >\n\t\t<div class=\"qodef-e-image\">\n\t\t\t\t<div class=\"qodef-e-media-image\">\n\t\t<a itemprop=\"url\" href=\"https:\/\/www.schumann-ak.de\/en\/portfolio-item\/mietpark20\/\">\n\t\t\t<img decoding=\"async\" width=\"1667\" height=\"2500\" src=\"https:\/\/www.schumann-ak.de\/wp-content\/uploads\/2026\/02\/DSC4914.jpg\" class=\"attachment-full size-full wp-post-image\" alt=\"\" srcset=\"https:\/\/www.schumann-ak.de\/wp-content\/uploads\/2026\/02\/DSC4914.jpg 1667w, https:\/\/www.schumann-ak.de\/wp-content\/uploads\/2026\/02\/DSC4914-200x300.jpg 200w, https:\/\/www.schumann-ak.de\/wp-content\/uploads\/2026\/02\/DSC4914-683x1024.jpg 683w, https:\/\/www.schumann-ak.de\/wp-content\/uploads\/2026\/02\/DSC4914-768x1152.jpg 768w, https:\/\/www.schumann-ak.de\/wp-content\/uploads\/2026\/02\/DSC4914-1024x1536.jpg 1024w, https:\/\/www.schumann-ak.de\/wp-content\/uploads\/2026\/02\/DSC4914-1366x2048.jpg 1366w, https:\/\/www.schumann-ak.de\/wp-content\/uploads\/2026\/02\/DSC4914-8x12.jpg 8w\" sizes=\"(max-width: 1667px) 100vw, 1667px\" \/>\t\t<\/a>\n\t<\/div>\n\t\t<\/div>\n\t\t<div class=\"qodef-e-content\">\n\t\t\t<div class=\"qodef-e-content-inner\">\n\t\t\t\t<a itemprop=\"url\" href=\"https:\/\/www.schumann-ak.de\/en\/portfolio-item\/mietpark20\/\"><\/a>\n\t\t\t\t<div class=\"qodef-e-info-category\">\n\t\t\t<a itemprop=\"url\" class=\"qodef-e-category\" href=\"https:\/\/www.schumann-ak.de\/en\/portfolio-category\/project\/\">\n\t\t\tProject\t\t<\/a>\n\t<\/div>\n\t\t\t\t<h4 itemprop=\"name\" class=\"qodef-e-title entry-title\" >\n\t<a itemprop=\"url\" class=\"qodef-e-title-link\" href=\"https:\/\/www.schumann-ak.de\/en\/portfolio-item\/mietpark20\/\">\n\t\tMietpark 20 Altenkirchen\t<\/a>\n<\/h4>\t\t\t<\/div>\n\t\t<\/div>\n\t<\/div>\n<\/article><article class=\"qodef-e qodef-grid-item qodef-item--full post-5953 portfolio-item type-portfolio-item status-publish has-post-thumbnail hentry portfolio-category-moebelwerkstaette portfolio-tag-buero portfolio-tag-freizeit-kultur\">\n\t<div class=\"qodef-e-inner\" >\n\t\t<div class=\"qodef-e-image\">\n\t\t\t\t<div class=\"qodef-e-media-image\">\n\t\t<a itemprop=\"url\" href=\"https:\/\/www.schumann-ak.de\/en\/portfolio-item\/noxx-hotel-marburg\/\">\n\t\t\t<img decoding=\"async\" width=\"2000\" height=\"1500\" src=\"https:\/\/www.schumann-ak.de\/wp-content\/uploads\/2025\/04\/aja_NOXX_pic_Steve-Herud_breakfast_0007.jpg\" class=\"attachment-full size-full wp-post-image\" alt=\"\" srcset=\"https:\/\/www.schumann-ak.de\/wp-content\/uploads\/2025\/04\/aja_NOXX_pic_Steve-Herud_breakfast_0007.jpg 2000w, https:\/\/www.schumann-ak.de\/wp-content\/uploads\/2025\/04\/aja_NOXX_pic_Steve-Herud_breakfast_0007-300x225.jpg 300w, https:\/\/www.schumann-ak.de\/wp-content\/uploads\/2025\/04\/aja_NOXX_pic_Steve-Herud_breakfast_0007-1024x768.jpg 1024w, https:\/\/www.schumann-ak.de\/wp-content\/uploads\/2025\/04\/aja_NOXX_pic_Steve-Herud_breakfast_0007-768x576.jpg 768w, https:\/\/www.schumann-ak.de\/wp-content\/uploads\/2025\/04\/aja_NOXX_pic_Steve-Herud_breakfast_0007-1536x1152.jpg 1536w, https:\/\/www.schumann-ak.de\/wp-content\/uploads\/2025\/04\/aja_NOXX_pic_Steve-Herud_breakfast_0007-16x12.jpg 16w\" sizes=\"(max-width: 2000px) 100vw, 2000px\" \/>\t\t<\/a>\n\t<\/div>\n\t\t<\/div>\n\t\t<div class=\"qodef-e-content\">\n\t\t\t<div class=\"qodef-e-content-inner\">\n\t\t\t\t<a itemprop=\"url\" href=\"https:\/\/www.schumann-ak.de\/en\/portfolio-item\/noxx-hotel-marburg\/\"><\/a>\n\t\t\t\t<div class=\"qodef-e-info-category\">\n\t\t\t<a itemprop=\"url\" class=\"qodef-e-category\" href=\"https:\/\/www.schumann-ak.de\/en\/portfolio-category\/moebelwerkstaette\/\">\n\t\t\tM\u00f6belwerkst\u00e4tte\t\t<\/a>\n\t<\/div>\n\t\t\t\t<h4 itemprop=\"name\" class=\"qodef-e-title entry-title\" >\n\t<a itemprop=\"url\" class=\"qodef-e-title-link\" href=\"https:\/\/www.schumann-ak.de\/en\/portfolio-item\/noxx-hotel-marburg\/\">\n\t\tNoxx Hotel Marburg\t<\/a>\n<\/h4>\t\t\t<\/div>\n\t\t<\/div>\n\t<\/div>\n<\/article>\t<\/div>\n\t<\/div>\t\t\t\t<\/div>\n\t\t\t\t<\/div>\n\t\t\t\t\t<\/div>\n\t\t<\/div>\n\t\t\t\t\t<\/div>\n\t\t<\/section>\n\t\t\t\t<\/div>","protected":false},"excerpt":{"rendered":"<p>Datenschutz-hinweise Seitenbetreiber:\u00a0 M\u00f6bel-Werkst\u00e4tte Gert Schumann GmbHGraf-Zeppelin-Str. 1757610 Altenkirchen \u00a0 Datenschutzbeauftragter gem. Art 37 DSGVODieter Meyerc.\/o. H.W.G. MedienhausWiedbachstr. 5056567 NeuwiedTel. 02631 964628Fax 02631 964614E-Mail\u00a0dieter.meyer@hwg-media.de \u00a0 Mit der Nutzung unseres Seitenangebots nehmen Sie die nachstehende Datenschutzerkl\u00e4rung mit den dargestellten Vorgehen der hier benannten Dienste und Funktionen sowie unsere weiteren Hinweise zur Eingrenzung einer ungewollten \u00dcbermittlung von Informationen, [&hellip;]<\/p>","protected":false},"author":1,"featured_media":0,"parent":0,"menu_order":0,"comment_status":"closed","ping_status":"closed","template":"","meta":{"inline_featured_image":false,"footnotes":""},"class_list":["post-1246","page","type-page","status-publish","hentry"],"_links":{"self":[{"href":"https:\/\/www.schumann-ak.de\/en\/wp-json\/wp\/v2\/pages\/1246","targetHints":{"allow":["GET"]}}],"collection":[{"href":"https:\/\/www.schumann-ak.de\/en\/wp-json\/wp\/v2\/pages"}],"about":[{"href":"https:\/\/www.schumann-ak.de\/en\/wp-json\/wp\/v2\/types\/page"}],"author":[{"embeddable":true,"href":"https:\/\/www.schumann-ak.de\/en\/wp-json\/wp\/v2\/users\/1"}],"replies":[{"embeddable":true,"href":"https:\/\/www.schumann-ak.de\/en\/wp-json\/wp\/v2\/comments?post=1246"}],"version-history":[{"count":7,"href":"https:\/\/www.schumann-ak.de\/en\/wp-json\/wp\/v2\/pages\/1246\/revisions"}],"predecessor-version":[{"id":1253,"href":"https:\/\/www.schumann-ak.de\/en\/wp-json\/wp\/v2\/pages\/1246\/revisions\/1253"}],"wp:attachment":[{"href":"https:\/\/www.schumann-ak.de\/en\/wp-json\/wp\/v2\/media?parent=1246"}],"curies":[{"name":"wp","href":"https:\/\/api.w.org\/{rel}","templated":true}]}}