{"id":1241,"date":"2021-03-09T09:06:58","date_gmt":"2021-03-09T08:06:58","guid":{"rendered":"http:\/\/schumann-ak.de\/ueber-uns-copy\/"},"modified":"2024-03-13T08:11:36","modified_gmt":"2024-03-13T07:11:36","slug":"impressum","status":"publish","type":"page","link":"http:\/\/www.schumann-ak.de\/en\/impressum\/","title":{"rendered":"Impressum"},"content":{"rendered":"<div data-elementor-type=\"wp-page\" data-elementor-id=\"1241\" class=\"elementor elementor-1241\">\n\t\t\t\t\t\t<section class=\"elementor-section elementor-top-section elementor-element elementor-element-3811ba4 elementor-section-stretched elementor-reverse-mobile elementor-section-boxed elementor-section-height-default elementor-section-height-default qodef-elementor-content-no\" data-id=\"3811ba4\" data-element_type=\"section\" data-settings=\"{&quot;stretch_section&quot;:&quot;section-stretched&quot;,&quot;background_background&quot;:&quot;classic&quot;}\">\n\t\t\t\t\t\t<div class=\"elementor-container elementor-column-gap-default\">\n\t\t\t\t\t<div class=\"elementor-column elementor-col-50 elementor-top-column elementor-element elementor-element-6649f35\" data-id=\"6649f35\" data-element_type=\"column\">\n\t\t\t<div class=\"elementor-widget-wrap elementor-element-populated\">\n\t\t\t\t\t\t<div class=\"elementor-element elementor-element-9e89d30 elementor-widget elementor-widget-text-editor\" data-id=\"9e89d30\" data-element_type=\"widget\" data-widget_type=\"text-editor.default\">\n\t\t\t\t<div class=\"elementor-widget-container\">\n\t\t\t\t\t\t\t\t\t<h2><span style=\"color: #000000;\">Impressum<\/span><\/h2>\t\t\t\t\t\t\t\t<\/div>\n\t\t\t\t<\/div>\n\t\t\t\t\t<\/div>\n\t\t<\/div>\n\t\t\t\t<div class=\"elementor-column elementor-col-50 elementor-top-column elementor-element elementor-element-4b4d419\" data-id=\"4b4d419\" data-element_type=\"column\">\n\t\t\t<div class=\"elementor-widget-wrap elementor-element-populated\">\n\t\t\t\t\t\t<div class=\"elementor-element elementor-element-e134754 elementor-widget elementor-widget-spacer\" data-id=\"e134754\" data-element_type=\"widget\" data-widget_type=\"spacer.default\">\n\t\t\t\t<div class=\"elementor-widget-container\">\n\t\t\t\t\t\t\t<div class=\"elementor-spacer\">\n\t\t\t<div class=\"elementor-spacer-inner\"><\/div>\n\t\t<\/div>\n\t\t\t\t\t\t<\/div>\n\t\t\t\t<\/div>\n\t\t\t\t\t<\/div>\n\t\t<\/div>\n\t\t\t\t\t<\/div>\n\t\t<\/section>\n\t\t\t\t<section class=\"elementor-section elementor-top-section elementor-element elementor-element-09b5360 elementor-section-stretched elementor-section-boxed elementor-section-height-default elementor-section-height-default qodef-elementor-content-no\" data-id=\"09b5360\" data-element_type=\"section\" data-settings=\"{&quot;stretch_section&quot;:&quot;section-stretched&quot;,&quot;background_background&quot;:&quot;classic&quot;}\">\n\t\t\t\t\t\t<div class=\"elementor-container elementor-column-gap-default\">\n\t\t\t\t\t<div class=\"elementor-column elementor-col-100 elementor-top-column elementor-element elementor-element-ea06fe5\" data-id=\"ea06fe5\" data-element_type=\"column\">\n\t\t\t<div class=\"elementor-widget-wrap elementor-element-populated\">\n\t\t\t\t\t\t<div class=\"elementor-element elementor-element-5791734 elementor-widget elementor-widget-text-editor\" data-id=\"5791734\" data-element_type=\"widget\" data-widget_type=\"text-editor.default\">\n\t\t\t\t<div class=\"elementor-widget-container\">\n\t\t\t\t\t\t\t\t\t<h5><span style=\"color: #000000;\">M\u00f6bel-Werkst\u00e4tte Gert Schumann GmbH<\/span><\/h5><p>Graf-Zeppelin-Str. 17<br \/>57610 Altenkirchen<\/p><p>Telefon 02681 \/ 9592-0 <br \/>Telefax\u00a0 02681 \/ 9592-22<\/p><p>info@schumann-ak.de<\/p><p>Gesch\u00e4ftsf\u00fchrer: Gert Schumann, Axel Sturm<br \/>Registergericht: Amtsgericht Montabaur<br \/>Registernummer: HRB Montabaur 13251<br \/>Umsatzsteuer-Identifikationsnummer: DE179473200<br \/>Inhaltlich Verantwortlicher: Gert Schumann<\/p><h5>Schumann Project GmbH<\/h5><p>Graf-Zeppelin-Str. 15a<br \/>57610 Altenkirchen<\/p><p>Telefon: 02681-9592-0<br \/>Telefax: 02681-9592-29<\/p><p>Email: project@schumann-ak.de<\/p><p>Gesch\u00e4ftsf\u00fchrer: Gert Schumann, Jens Gewehr<br \/>Registergericht: Amtsgericht Montabaur<br \/>Registernummer: HRB Montabaur 15064<br \/>Umsatzsteuer-Identifikationsnummer: DE243964127<br \/>Inhaltlich Verantwortlicher: Gert Schumann<\/p><p>\u00a0<\/p><h5>\u00a0<\/h5><h5>Realisierung<\/h5><p>3! werbeagentur | www.dreiwerbung.de<\/p><p><span style=\"color: #101010; font-family: Muli, sans-serif; font-size: 20px; font-weight: 600;\">\u00a0<\/span><\/p><p><span style=\"color: #101010; font-family: Muli, sans-serif; font-size: 20px; font-weight: 600;\">Bildrechte<\/span><\/p><p>Referenzobjekte: siehe Angaben im jeweiligen Portfolio<\/p><p>Aufnahmen Schumann: Johannes Willwacher | www.johannes-willwacher.de<\/p><p>\u00a0<\/p><p><span style=\"color: #101010; font-family: Muli, sans-serif; font-size: 20px; font-weight: 600;\">Disclaimer<\/span><\/p><ol><li>Inhalt des Onlineangebotes<\/li><\/ol><p>Der Autor \u00fcbernimmt keinerlei Gew\u00e4hr f\u00fcr die Aktualit\u00e4t, Korrektheit, Vollst\u00e4ndigkeit oder Qualit\u00e4t der bereitgestellten Informationen. Haftungsanspr\u00fcche gegen den Autor, welche sich auf Sch\u00e4den materieller oder ideeller Art beziehen, die durch die Nutzung oder Nichtnutzung der dargebotenen Informationen bzw. durch die Nutzung fehlerhafter und unvollst\u00e4ndiger Informationen verursacht wurden, sind grunds\u00e4tzlich ausgeschlossen, sofern seitens des Autors kein nachweislich vors\u00e4tzliches oder grob fahrl\u00e4ssiges Verschulden vorliegt. Alle Angebote sind freibleibend und unverbindlich. Der Autor beh\u00e4lt es sich ausdr\u00fccklich vor, Teile der Seiten oder das gesamte Angebot ohne gesonderte Ank\u00fcndigung zu ver\u00e4ndern, zu erg\u00e4nzen, zu l\u00f6schen oder die Ver\u00f6ffentlichung zeitweise oder endg\u00fcltig einzustellen.<\/p><ol start=\"2\"><li>Verweise und Links<\/li><\/ol><p>Bei direkten oder indirekten Verweisen auf fremde Internetseiten (&#8222;Links&#8220;), die au\u00dferhalb des Verantwortungsbereiches des Autors liegen, w\u00fcrde eine Haftungsverpflichtung ausschlie\u00dflich in dem Fall in Kraft treten, in dem der Autor von den Inhalten Kenntnis hat und es ihm technisch m\u00f6glich und zumutbar w\u00e4re, die Nutzung im Falle rechtswidriger Inhalte zu verhindern. Der Autor erkl\u00e4rt daher ausdr\u00fccklich, dass zum Zeitpunkt der Linksetzung die entsprechenden verlinkten Seiten frei von illegalen Inhalten waren. Der Autor hat keinerlei Einfluss auf die aktuelle und zuk\u00fcnftige Gestaltung und auf die Inhalte der gelinkten\/verkn\u00fcpften Seiten. Deshalb distanziert er sich hiermit ausdr\u00fccklich von allen Inhalten aller gelinkten \/verkn\u00fcpften Seiten, die nach der Linksetzung ver\u00e4ndert wurden. Diese Feststellung gilt f\u00fcr alle innerhalb des eigenen Internetangebotes gesetzten Links und Verweise sowie f\u00fcr Fremdeintr\u00e4ge in vom Autor eingerichteten G\u00e4steb\u00fcchern, Diskussionsforen und Mailinglisten. F\u00fcr illegale, fehlerhafte oder unvollst\u00e4ndige Inhalte und insbesondere f\u00fcr Sch\u00e4den, die aus der Nutzung oder Nichtnutzung solcherart dargebotener Informationen entstehen, haftet allein der Anbieter der Seite, auf welche verwiesen wurde, nicht derjenige, der \u00fcber Links auf die jeweilige Ver\u00f6ffentlichung lediglich verweist.<\/p><ol start=\"3\"><li>Urheber- und Kennzeichenrecht<\/li><\/ol><p>Der Autor ist bestrebt, in allen Publikationen die Urheberrechte der verwendeten Grafiken, Tondokumente, Videosequenzen und Texte zu beachten, von ihm selbst erstellte Grafiken, Tondokumente, Videosequenzen und Texte zu nutzen oder auf lizenzfreie Grafiken, Tondokumente, Videosequenzen und Texte zur\u00fcckzugreifen. Alle innerhalb des Internetangebotes genannten und ggf. durch Dritte gesch\u00fctzten Marken- und Warenzeichen unterliegen uneingeschr\u00e4nkt den Bestimmungen des jeweils g\u00fcltigen Kennzeichenrechts und den Besitzrechten der jeweiligen eingetragenen Eigent\u00fcmer. Allein aufgrund der blo\u00dfen Nennung ist nicht der Schluss zu ziehen, dass Markenzeichen nicht durch Rechte Dritter gesch\u00fctzt sind! Das Copyright f\u00fcr ver\u00f6ffentlichte, vom Autor selbst erstellte Objekte bleibt allein beim Autor der Seiten. Eine Vervielf\u00e4ltigung oder Verwendung solcher Grafiken, Tondokumente, Videosequenzen und Texte in anderen elektronischen oder gedruckten Publikationen sind ohne ausdr\u00fcckliche Zustimmung des Autors nicht gestattet.<\/p><ol start=\"4\"><li>Rechtswirksamkeit dieses Haftungsausschlusses<\/li><\/ol><p>Dieser Haftungsausschluss ist als Teil des Internetangebotes zu betrachten, von dem aus auf diese Seite verwiesen wurde. Sofern Teile oder einzelne Formulierungen dieses Textes der geltenden Rechtslage nicht, nicht mehr oder nicht vollst\u00e4ndig entsprechen sollten, bleiben die \u00fcbrigen Teile des Dokumentes in ihrem Inhalt und ihrer G\u00fcltigkeit davon unber\u00fchrt.<\/p><p>Haftungshinweis:<\/p><p>Trotz sorgf\u00e4ltiger inhaltlicher Kontrolle \u00fcbernehmen wir keine Haftung f\u00fcr die Inhalte externer Links. F\u00fcr den Inhalt der verlinkten Seiten sind ausschlie\u00dflich deren Betreiber verantwortlich.<\/p><p>Marken- und Warenzeichen:<\/p><p>Alle genannten und gezeigten Marken- oder Warenzeichen sind eingetragene Marken oder eingetragene Warenzeichen Ihrer jeweiligen Eigent\u00fcmer. Marken- oder Warenzeichen wurden in der Regel nicht als solche kenntlich gemacht. Das Fehlen einer solchen Kennzeichnung bedeutet nicht, dass es sich um einen freien Namen im Sinne des Waren- und Markenzeichenrechts handelt.<\/p>\t\t\t\t\t\t\t\t<\/div>\n\t\t\t\t<\/div>\n\t\t\t\t\t<\/div>\n\t\t<\/div>\n\t\t\t\t\t<\/div>\n\t\t<\/section>\n\t\t\t\t<section class=\"elementor-section elementor-top-section elementor-element elementor-element-9e24be6 elementor-section-stretched elementor-section-boxed elementor-section-height-default elementor-section-height-default qodef-elementor-content-no\" data-id=\"9e24be6\" data-element_type=\"section\" data-settings=\"{&quot;stretch_section&quot;:&quot;section-stretched&quot;}\">\n\t\t\t\t\t\t<div class=\"elementor-container elementor-column-gap-default\">\n\t\t\t\t\t<div class=\"elementor-column elementor-col-100 elementor-top-column elementor-element elementor-element-d439b6f\" data-id=\"d439b6f\" data-element_type=\"column\">\n\t\t\t<div class=\"elementor-widget-wrap elementor-element-populated\">\n\t\t\t\t\t\t<div class=\"elementor-element elementor-element-45cd95f elementor-widget-divider--view-line elementor-widget elementor-widget-divider\" data-id=\"45cd95f\" data-element_type=\"widget\" data-widget_type=\"divider.default\">\n\t\t\t\t<div class=\"elementor-widget-container\">\n\t\t\t\t\t\t\t<div class=\"elementor-divider\">\n\t\t\t<span class=\"elementor-divider-separator\">\n\t\t\t\t\t\t<\/span>\n\t\t<\/div>\n\t\t\t\t\t\t<\/div>\n\t\t\t\t<\/div>\n\t\t\t\t\t<\/div>\n\t\t<\/div>\n\t\t\t\t\t<\/div>\n\t\t<\/section>\n\t\t\t\t<section class=\"elementor-section elementor-top-section elementor-element elementor-element-62caa980 elementor-section-stretched elementor-section-boxed elementor-section-height-default elementor-section-height-default qodef-elementor-content-no\" data-id=\"62caa980\" data-element_type=\"section\" data-settings=\"{&quot;stretch_section&quot;:&quot;section-stretched&quot;}\">\n\t\t\t\t\t\t<div class=\"elementor-container elementor-column-gap-default\">\n\t\t\t\t\t<div class=\"elementor-column elementor-col-100 elementor-top-column elementor-element elementor-element-41c920b4\" data-id=\"41c920b4\" data-element_type=\"column\">\n\t\t\t<div class=\"elementor-widget-wrap elementor-element-populated\">\n\t\t\t\t\t\t<div class=\"elementor-element elementor-element-b632f77 elementor-widget elementor-widget-text-editor\" data-id=\"b632f77\" data-element_type=\"widget\" data-widget_type=\"text-editor.default\">\n\t\t\t\t<div class=\"elementor-widget-container\">\n\t\t\t\t\t\t\t\t\t<h4>Projekteauswahl<\/h4>\t\t\t\t\t\t\t\t<\/div>\n\t\t\t\t<\/div>\n\t\t\t\t<div class=\"elementor-element elementor-element-40fc209d elementor-widget elementor-widget-stal_core_portfolio_list\" data-id=\"40fc209d\" data-element_type=\"widget\" data-widget_type=\"stal_core_portfolio_list.default\">\n\t\t\t\t<div class=\"elementor-widget-container\">\n\t\t\t\t\t<div class=\"qodef-shortcode qodef-m  qodef-portfolio-list qodef-item-layout--info-on-hover qodef-grid qodef-layout--columns  qodef-gutter--normal qodef-col-num--4 qodef-item-layout--info-on-hover qodef--no-bottom-space qodef-pagination--off qodef-responsive--predefined qodef-hover-animation--fade-in\" data-options=\"{&quot;plugin&quot;:&quot;stal_core&quot;,&quot;module&quot;:&quot;post-types\\\/portfolio\\\/shortcodes&quot;,&quot;shortcode&quot;:&quot;portfolio-list&quot;,&quot;post_type&quot;:&quot;portfolio-item&quot;,&quot;next_page&quot;:&quot;2&quot;,&quot;max_pages_num&quot;:22,&quot;behavior&quot;:&quot;columns&quot;,&quot;images_proportion&quot;:&quot;stal_image_size_square&quot;,&quot;columns&quot;:&quot;4&quot;,&quot;columns_responsive&quot;:&quot;predefined&quot;,&quot;columns_1440&quot;:&quot;3&quot;,&quot;columns_1366&quot;:&quot;3&quot;,&quot;columns_1024&quot;:&quot;3&quot;,&quot;columns_768&quot;:&quot;3&quot;,&quot;columns_680&quot;:&quot;3&quot;,&quot;columns_480&quot;:&quot;3&quot;,&quot;space&quot;:&quot;normal&quot;,&quot;posts_per_page&quot;:&quot;4&quot;,&quot;orderby&quot;:&quot;date&quot;,&quot;order&quot;:&quot;DESC&quot;,&quot;layout&quot;:&quot;info-on-hover&quot;,&quot;hover_animation_info-below&quot;:&quot;tilt&quot;,&quot;hover_animation_info-on-hover&quot;:&quot;fade-in&quot;,&quot;title_tag&quot;:&quot;h4&quot;,&quot;custom_padding&quot;:&quot;no&quot;,&quot;pagination_type&quot;:&quot;no-pagination&quot;,&quot;object_class_name&quot;:&quot;StalCorePortfolioListShortcode&quot;,&quot;taxonomy_filter&quot;:&quot;portfolio-category&quot;,&quot;additional_query_args&quot;:[],&quot;space_value&quot;:15}\">\n\t\t<div class=\"qodef-grid-inner clear\">\n\t\t<article class=\"qodef-e qodef-grid-item qodef-item--square post-6292 portfolio-item type-portfolio-item status-publish has-post-thumbnail hentry portfolio-category-moebelwerkstaette portfolio-category-project portfolio-tag-buero\">\n\t<div class=\"qodef-e-inner\" >\n\t\t<div class=\"qodef-e-image\">\n\t\t\t\t<div class=\"qodef-e-media-image\">\n\t\t<a itemprop=\"url\" href=\"http:\/\/www.schumann-ak.de\/en\/portfolio-item\/luther-lawfirm-rwe-tower-essen\/\">\n\t\t\t<img fetchpriority=\"high\" decoding=\"async\" width=\"650\" height=\"650\" src=\"https:\/\/www.schumann-ak.de\/wp-content\/uploads\/2026\/03\/DJI_20251209114220_0067_D-650x650.jpg\" class=\"attachment-stal_image_size_square size-stal_image_size_square wp-post-image\" alt=\"\" srcset=\"https:\/\/www.schumann-ak.de\/wp-content\/uploads\/2026\/03\/DJI_20251209114220_0067_D-650x650.jpg 650w, https:\/\/www.schumann-ak.de\/wp-content\/uploads\/2026\/03\/DJI_20251209114220_0067_D-150x150.jpg 150w, https:\/\/www.schumann-ak.de\/wp-content\/uploads\/2026\/03\/DJI_20251209114220_0067_D-1300x1300.jpg 1300w, https:\/\/www.schumann-ak.de\/wp-content\/uploads\/2026\/03\/DJI_20251209114220_0067_D-82x82.jpg 82w\" sizes=\"(max-width: 650px) 100vw, 650px\" \/>\t\t<\/a>\n\t<\/div>\n\t\t<\/div>\n\t\t<div class=\"qodef-e-content\">\n\t\t\t<div class=\"qodef-e-content-inner\">\n\t\t\t\t<a itemprop=\"url\" href=\"http:\/\/www.schumann-ak.de\/en\/portfolio-item\/luther-lawfirm-rwe-tower-essen\/\"><\/a>\n\t\t\t\t<div class=\"qodef-e-info-category\">\n\t\t\t<a itemprop=\"url\" class=\"qodef-e-category\" href=\"http:\/\/www.schumann-ak.de\/en\/portfolio-category\/moebelwerkstaette\/\">\n\t\t\tM\u00f6belwerkst\u00e4tte\t\t<\/a>\n\t\t\t<a itemprop=\"url\" class=\"qodef-e-category\" href=\"http:\/\/www.schumann-ak.de\/en\/portfolio-category\/project\/\">\n\t\t\tProject\t\t<\/a>\n\t<\/div>\n\t\t\t\t<h4 itemprop=\"name\" class=\"qodef-e-title entry-title\" >\n\t<a itemprop=\"url\" class=\"qodef-e-title-link\" href=\"http:\/\/www.schumann-ak.de\/en\/portfolio-item\/luther-lawfirm-rwe-tower-essen\/\">\n\t\tLuther Lawfirm RWE Tower Essen\t<\/a>\n<\/h4>\t\t\t<\/div>\n\t\t<\/div>\n\t<\/div>\n<\/article><article class=\"qodef-e qodef-grid-item qodef-item--square post-6222 portfolio-item type-portfolio-item status-publish has-post-thumbnail hentry portfolio-category-project portfolio-tag-hotel\">\n\t<div class=\"qodef-e-inner\" >\n\t\t<div class=\"qodef-e-image\">\n\t\t\t\t<div class=\"qodef-e-media-image\">\n\t\t<a itemprop=\"url\" href=\"http:\/\/www.schumann-ak.de\/en\/portfolio-item\/mietpark20\/\">\n\t\t\t<img decoding=\"async\" width=\"650\" height=\"650\" src=\"https:\/\/www.schumann-ak.de\/wp-content\/uploads\/2026\/02\/DSC4914-650x650.jpg\" class=\"attachment-stal_image_size_square size-stal_image_size_square wp-post-image\" alt=\"\" srcset=\"https:\/\/www.schumann-ak.de\/wp-content\/uploads\/2026\/02\/DSC4914-650x650.jpg 650w, https:\/\/www.schumann-ak.de\/wp-content\/uploads\/2026\/02\/DSC4914-150x150.jpg 150w, https:\/\/www.schumann-ak.de\/wp-content\/uploads\/2026\/02\/DSC4914-1300x1300.jpg 1300w, https:\/\/www.schumann-ak.de\/wp-content\/uploads\/2026\/02\/DSC4914-82x82.jpg 82w\" sizes=\"(max-width: 650px) 100vw, 650px\" \/>\t\t<\/a>\n\t<\/div>\n\t\t<\/div>\n\t\t<div class=\"qodef-e-content\">\n\t\t\t<div class=\"qodef-e-content-inner\">\n\t\t\t\t<a itemprop=\"url\" href=\"http:\/\/www.schumann-ak.de\/en\/portfolio-item\/mietpark20\/\"><\/a>\n\t\t\t\t<div class=\"qodef-e-info-category\">\n\t\t\t<a itemprop=\"url\" class=\"qodef-e-category\" href=\"http:\/\/www.schumann-ak.de\/en\/portfolio-category\/project\/\">\n\t\t\tProject\t\t<\/a>\n\t<\/div>\n\t\t\t\t<h4 itemprop=\"name\" class=\"qodef-e-title entry-title\" >\n\t<a itemprop=\"url\" class=\"qodef-e-title-link\" href=\"http:\/\/www.schumann-ak.de\/en\/portfolio-item\/mietpark20\/\">\n\t\tMietpark 20 Altenkirchen\t<\/a>\n<\/h4>\t\t\t<\/div>\n\t\t<\/div>\n\t<\/div>\n<\/article><article class=\"qodef-e qodef-grid-item qodef-item--square post-5953 portfolio-item type-portfolio-item status-publish has-post-thumbnail hentry portfolio-category-moebelwerkstaette portfolio-tag-buero portfolio-tag-freizeit-kultur\">\n\t<div class=\"qodef-e-inner\" >\n\t\t<div class=\"qodef-e-image\">\n\t\t\t\t<div class=\"qodef-e-media-image\">\n\t\t<a itemprop=\"url\" href=\"http:\/\/www.schumann-ak.de\/en\/portfolio-item\/noxx-hotel-marburg\/\">\n\t\t\t<img decoding=\"async\" width=\"650\" height=\"650\" src=\"https:\/\/www.schumann-ak.de\/wp-content\/uploads\/2025\/04\/aja_NOXX_pic_Steve-Herud_breakfast_0007-650x650.jpg\" class=\"attachment-stal_image_size_square size-stal_image_size_square wp-post-image\" alt=\"\" srcset=\"https:\/\/www.schumann-ak.de\/wp-content\/uploads\/2025\/04\/aja_NOXX_pic_Steve-Herud_breakfast_0007-650x650.jpg 650w, https:\/\/www.schumann-ak.de\/wp-content\/uploads\/2025\/04\/aja_NOXX_pic_Steve-Herud_breakfast_0007-150x150.jpg 150w, https:\/\/www.schumann-ak.de\/wp-content\/uploads\/2025\/04\/aja_NOXX_pic_Steve-Herud_breakfast_0007-1300x1300.jpg 1300w, https:\/\/www.schumann-ak.de\/wp-content\/uploads\/2025\/04\/aja_NOXX_pic_Steve-Herud_breakfast_0007-82x82.jpg 82w\" sizes=\"(max-width: 650px) 100vw, 650px\" \/>\t\t<\/a>\n\t<\/div>\n\t\t<\/div>\n\t\t<div class=\"qodef-e-content\">\n\t\t\t<div class=\"qodef-e-content-inner\">\n\t\t\t\t<a itemprop=\"url\" href=\"http:\/\/www.schumann-ak.de\/en\/portfolio-item\/noxx-hotel-marburg\/\"><\/a>\n\t\t\t\t<div class=\"qodef-e-info-category\">\n\t\t\t<a itemprop=\"url\" class=\"qodef-e-category\" href=\"http:\/\/www.schumann-ak.de\/en\/portfolio-category\/moebelwerkstaette\/\">\n\t\t\tM\u00f6belwerkst\u00e4tte\t\t<\/a>\n\t<\/div>\n\t\t\t\t<h4 itemprop=\"name\" class=\"qodef-e-title entry-title\" >\n\t<a itemprop=\"url\" class=\"qodef-e-title-link\" href=\"http:\/\/www.schumann-ak.de\/en\/portfolio-item\/noxx-hotel-marburg\/\">\n\t\tNoxx Hotel Marburg\t<\/a>\n<\/h4>\t\t\t<\/div>\n\t\t<\/div>\n\t<\/div>\n<\/article><article class=\"qodef-e qodef-grid-item qodef-item--square post-5970 portfolio-item type-portfolio-item status-publish has-post-thumbnail hentry portfolio-category-project portfolio-tag-hotel\">\n\t<div class=\"qodef-e-inner\" >\n\t\t<div class=\"qodef-e-image\">\n\t\t\t\t<div class=\"qodef-e-media-image\">\n\t\t<a itemprop=\"url\" href=\"http:\/\/www.schumann-ak.de\/en\/portfolio-item\/lindner-hotel-boltenhagen\/\">\n\t\t\t<img loading=\"lazy\" decoding=\"async\" width=\"650\" height=\"650\" src=\"https:\/\/www.schumann-ak.de\/wp-content\/uploads\/2025\/04\/23_LBO_01_0171_highres-650x650.jpg\" class=\"attachment-stal_image_size_square size-stal_image_size_square wp-post-image\" alt=\"\" srcset=\"https:\/\/www.schumann-ak.de\/wp-content\/uploads\/2025\/04\/23_LBO_01_0171_highres-650x650.jpg 650w, https:\/\/www.schumann-ak.de\/wp-content\/uploads\/2025\/04\/23_LBO_01_0171_highres-150x150.jpg 150w, https:\/\/www.schumann-ak.de\/wp-content\/uploads\/2025\/04\/23_LBO_01_0171_highres-1300x1300.jpg 1300w, https:\/\/www.schumann-ak.de\/wp-content\/uploads\/2025\/04\/23_LBO_01_0171_highres-82x82.jpg 82w\" sizes=\"(max-width: 650px) 100vw, 650px\" \/>\t\t<\/a>\n\t<\/div>\n\t\t<\/div>\n\t\t<div class=\"qodef-e-content\">\n\t\t\t<div class=\"qodef-e-content-inner\">\n\t\t\t\t<a itemprop=\"url\" href=\"http:\/\/www.schumann-ak.de\/en\/portfolio-item\/lindner-hotel-boltenhagen\/\"><\/a>\n\t\t\t\t<div class=\"qodef-e-info-category\">\n\t\t\t<a itemprop=\"url\" class=\"qodef-e-category\" href=\"http:\/\/www.schumann-ak.de\/en\/portfolio-category\/project\/\">\n\t\t\tProject\t\t<\/a>\n\t<\/div>\n\t\t\t\t<h4 itemprop=\"name\" class=\"qodef-e-title entry-title\" >\n\t<a itemprop=\"url\" class=\"qodef-e-title-link\" href=\"http:\/\/www.schumann-ak.de\/en\/portfolio-item\/lindner-hotel-boltenhagen\/\">\n\t\tLindner Hotel Boltenhagen\t<\/a>\n<\/h4>\t\t\t<\/div>\n\t\t<\/div>\n\t<\/div>\n<\/article>\t<\/div>\n\t<\/div>\t\t\t\t<\/div>\n\t\t\t\t<\/div>\n\t\t\t\t\t<\/div>\n\t\t<\/div>\n\t\t\t\t\t<\/div>\n\t\t<\/section>\n\t\t\t\t<\/div>","protected":false},"excerpt":{"rendered":"<p>Impressum M\u00f6bel-Werkst\u00e4tte Gert Schumann GmbH Graf-Zeppelin-Str. 1757610 Altenkirchen Telefon 02681 \/ 9592-0 Telefax\u00a0 02681 \/ 9592-22 info@schumann-ak.de Gesch\u00e4ftsf\u00fchrer: Gert Schumann, Axel SturmRegistergericht: Amtsgericht MontabaurRegisternummer: HRB Montabaur 13251Umsatzsteuer-Identifikationsnummer: DE179473200Inhaltlich Verantwortlicher: Gert Schumann Schumann Project GmbH Graf-Zeppelin-Str. 15a57610 Altenkirchen Telefon: 02681-9592-0Telefax: 02681-9592-29 Email: project@schumann-ak.de Gesch\u00e4ftsf\u00fchrer: Gert Schumann, Jens GewehrRegistergericht: Amtsgericht MontabaurRegisternummer: HRB Montabaur 15064Umsatzsteuer-Identifikationsnummer: DE243964127Inhaltlich Verantwortlicher: Gert [&hellip;]<\/p>","protected":false},"author":1,"featured_media":0,"parent":0,"menu_order":0,"comment_status":"closed","ping_status":"closed","template":"","meta":{"inline_featured_image":false,"footnotes":""},"class_list":["post-1241","page","type-page","status-publish","hentry"],"_links":{"self":[{"href":"http:\/\/www.schumann-ak.de\/en\/wp-json\/wp\/v2\/pages\/1241","targetHints":{"allow":["GET"]}}],"collection":[{"href":"http:\/\/www.schumann-ak.de\/en\/wp-json\/wp\/v2\/pages"}],"about":[{"href":"http:\/\/www.schumann-ak.de\/en\/wp-json\/wp\/v2\/types\/page"}],"author":[{"embeddable":true,"href":"http:\/\/www.schumann-ak.de\/en\/wp-json\/wp\/v2\/users\/1"}],"replies":[{"embeddable":true,"href":"http:\/\/www.schumann-ak.de\/en\/wp-json\/wp\/v2\/comments?post=1241"}],"version-history":[{"count":48,"href":"http:\/\/www.schumann-ak.de\/en\/wp-json\/wp\/v2\/pages\/1241\/revisions"}],"predecessor-version":[{"id":5251,"href":"http:\/\/www.schumann-ak.de\/en\/wp-json\/wp\/v2\/pages\/1241\/revisions\/5251"}],"wp:attachment":[{"href":"http:\/\/www.schumann-ak.de\/en\/wp-json\/wp\/v2\/media?parent=1241"}],"curies":[{"name":"wp","href":"https:\/\/api.w.org\/{rel}","templated":true}]}}